{"id":11838,"date":"2016-01-05T15:33:09","date_gmt":"2016-01-05T14:33:09","guid":{"rendered":"http:\/\/www.sommerbad-stadensen.de\/wp\/?page_id=11838"},"modified":"2021-12-09T13:48:55","modified_gmt":"2021-12-09T12:48:55","slug":"satzung-der-iso","status":"publish","type":"page","link":"http:\/\/www.sommerbad-stadensen.de\/?page_id=11838","title":{"rendered":"Satzung der ISO"},"content":{"rendered":"<ol>\n<li><span class=\"gruen\">Der Verein f\u00fchrt den Namen &#8222;Interessengemeinschaft Sommerbad Stadensen e.V. &#8220; (im folgenden &#8222;Verein&#8220; genannt). Der Verein ist in das Vereinsregister einzutragen.<\/span><\/li>\n<li><span class=\"gruen\">Sitz des Vereins ist 29596 Stadensen<\/span><\/li>\n<li><span class=\"gruen\">Der Verein verfolgt ausschlie\u00dflich und unmittelbar gemeinn\u00fctzige Zwecke im Sinne des Abschnitts &#8222;steuerbeg\u00fcnstigte Zwecke&#8220; der Abgabenordnung.<br \/>\nZweck des Vereins ist:<br \/>\na) Erhaltung des Sommerbades Stadensen<br \/>\nb) Geld und Sachmittel f\u00fcr die Unterhaltung, Verbesserung der Ausstattung und Ausr\u00fcstung des Sommerbades beschaffen.<br \/>\nc) f\u00fcr die Nutzung des Sommerbades zu werben.<br \/>\nd) Eigeninitiative zu entwickeln.<br \/>\nDer Verein ist politisch und konfessionell neutral und selbstlos t\u00e4tig. <\/span><span class=\"gruen\">Er verfolgt nicht in erster Linie eigenwirtschaftliche Zwecke.<br \/>\nDie Mittel des Vereins d\u00fcrfen nur f\u00fcr Zwecke dieser Richtlinien verwendet werden.<br \/>\nEs darf keine Person durch Ausgaben, die den Zweck des Vereins fremd sind oder durch Verg\u00fctung beg\u00fcnstigt werden.<br \/>\nDie Mitglieder erhalten keine Zuwendungen aus Mitteln des Vereins.<br \/>\n<\/span><\/li>\n<li><span class=\"gruen\">Mitglied des Vereins kann jede nat\u00fcrliche, jede juristische Person sowie andere Vereinigungen werden.<br \/>\nDie Erkl\u00e4rung zur Mitgliedschaft hat schriftlich zu erfolgen.<br \/>\n<\/span><\/li>\n<li><span class=\"gruen\">Jedes Mitglied hat einen monatlichen Beitrag zu entrichten.<br \/>\nDie H\u00f6he der Mitgliedermindestbeitr\u00e4ge wird von der Mitgliederversammlung bestimmt.<br \/>\nDie Beitragszahlung soll j\u00e4hrlich bis zum 01.04. des Gesch\u00e4ftsjahres (Gesch\u00e4ftsjahr ist das Kalenderjahr)<br \/>\nvorgenommen werden, bzw. werden zu diesem Zeitpunkt abgebucht.<br \/>\nStiftungen, Geld- und Sachspenden sind der Gemeinschaft jederzeit willkommen.<br \/>\nPersonen unter 16 Jahre sind beitragsfrei.<br \/>\n<\/span><\/li>\n<li><span class=\"gruen\">Der Verein hat j\u00e4hrlich eine Mitgliederversammlung durchzuf\u00fchren, bei der Rechenschaft \u00fcber das Gesch\u00e4ftsjahr abgelegt wird.<br \/>\nAlle Mitglieder haben in der Mitgliederversammlung gleiches Stimmrecht.<br \/>\nDas aktive Wahlrecht zum Koordinierungsausschuss steht jedem Mitglied ab 16 Jahre, das passive Wahlrecht zum Koordinierungsausschuss steht jedem Mitglied ab 18 Jahren zu.<br \/>\nDie Mitglieder haben das Recht, \u00fcber Angelegenheiten, die zum Aufgabenbereich des Vereins geh\u00f6ren, Auskunft zu erhalten.<br \/>\n<\/span><\/li>\n<li><span class=\"gruen\">Die Mitgliedschaft endet<br \/>\na) durch eine an den Vorstand gerichtete Austrittserkl\u00e4rung mit einmonatiger K\u00fcndigungsfrist zum Ende des Gesch\u00e4ftsjahres.<br \/>\nb) durch Ableben<br \/>\nc) durch Ausschluss<br \/>\nDer Ausschluss kann durch den Vorstand bei Verletzung des Gemeinschaftszweckes oder Nichtzahlung des Jahresbeitrages in zwei aufeinanderfolgenden Jahren nach vorheriger Mahnung und Anh\u00f6rung beschlossen werden.<br \/>\nDer Ausschluss muss dem betroffenen Mitglied durch Einschreiben mitgeteilt werden.<br \/>\nDas ausgetretene oder ausgeschlossene Mitglied bleibt zur Zahlung des Jahresbeitrages bis zum Schluss des Gesch\u00e4ftsjahres verpflichtet.<br \/>\n<\/span><\/li>\n<li><span class=\"gruen\">Der Verein wird durch einen Vorstand vertreten.<br \/>\nDieser wird durch die Mitgliederversammlung f\u00fcr drei Jahre gew\u00e4hlt.<br \/>\nDer Vorstand besteht aus:<br \/>\na) dem Vorsitzenden oder der Vorsitzenden<br \/>\nb) der 1. stellvertretenden Vorsitzenden oder dem 1. stellvertretenden Vorsitzenden<br \/>\nc) der 2. stellvertretenden Vorsitzenden oder dem 2. stellvertretenden Vorsitzenden<br \/>\nd) dem Kassenwart oder der Kassenwartin<br \/>\ne) dem Schriftf\u00fchrer oder der Schriftf\u00fchrerin<br \/>\nf) den Referenten oder der Referentin f\u00fcr \u00d6ffentlichkeitsarbeit<br \/>\ng) dem 1. Beisitzer \/ der 1. Beisitzerin<br \/>\nh) dem 2. Beisitzer \/ der 2. Beisitzerin<br \/>\nDurch die Mitgliederversammlung k\u00f6nnen weitere Mitglieder f\u00fcr den Vorstand bestimmt werden.<br \/>\nAlle Mitglieder des Vorstandes haben gleiches Stimmrecht.<br \/>\nEine \u00c4mterzusammenlegung ist m\u00f6glich.<br \/>\nVertretungsberechtigt entsprechend \u00a7 26 BGB sind<br \/>\n1. der oder die Vorsitzende<br \/>\n2. der oder die 1. stellv. Vorsitzende,<br \/>\njeder bzw. jede f\u00fcr sich allein.<br \/>\nDie Aufgaben des Vorstandes sind:<br \/>\na) Vertretung des Vereins nach au\u00dfen<br \/>\nb) Vorbereitung und Durchf\u00fchrung von Beschl\u00fcssen der Mitgliederversammlung<br \/>\nc) Verwaltung des Gemeinschaftsverm\u00f6gens<br \/>\nd) Entscheidung \u00fcber die Aufnahme von Mitgliedern<br \/>\ne) Ausschluss von Mitgliedern<br \/>\nf) Organisation und Durchf\u00fchrung von Veranstaltungen.<br \/>\n<\/span><\/li>\n<li><span class=\"gruen\">Die Mitgliederversammlung findet j\u00e4hrlich einmal an einem vom Vorstand zu bestimmenden Tag in den ersten drei Monaten nach Abschluss des Gesch\u00e4ftsjahres statt.<br \/>\nDie Mitglieder sind sp\u00e4testens 14 Tage vorher schriftlich unter Mitteilung der Tagesordnung einzuladen.<br \/>\nDie Tagesordnung hat folgende Punkte zu umfassen.<br \/>\na) Feststellung der Beschlussf\u00e4higkeit der Versammlung<br \/>\nb) Entgegennahme des Jahresberichtes des Vorstandes<br \/>\nc) Bericht des Kassenwartes oder der Kassenwartin<br \/>\nd) Bericht der Kassenpr\u00fcfer oder der Kassenpr\u00fcferin<br \/>\ne) Entlastung des Vorstandes<br \/>\nf) Neuwahl des Vorstandes<br \/>\ng) Beschlussfassung \u00fcber die \u00c4nderung der Richtlinien oder die Aufl\u00f6sung des \u00a0\u00a0\u00a0\u00a0Vereins<br \/>\nh) Antr\u00e4ge<br \/>\ni) Anfragen und Anregungen<br \/>\nEin Mitglied des Vorstandes leitet die Mitgliederversammlung und die au\u00dferordentliche Mitgliederversammlung.<br \/>\nDie Mitgliederversammlung ist ohne R\u00fccksicht auf die Zahl der erschienenen Mitglieder beschlussf\u00e4hig.<br \/>\nJedes erschienene Mitglied ab 16 Jahre hat eine Stimme.<br \/>\nBei Stimmengleichheit ist der Antrag abgelehnt.<br \/>\nDie Satzung kann nur mit einer Dreiviertelmehrheit der in der Mitgliederversammlung anwesenden stimmberechtigten Mitglieder ge\u00e4ndert werden.<br \/>\n<\/span><\/li>\n<li><span class=\"gruen\">Der Vorsitzende oder die Vorsitzende kann jederzeit eine au\u00dferordentliche (a. o.) Mitgliederversammlung einberufen.<br \/>\nEine Frist von zwei Wochen sowie die Vorschriften zur Anberaumung der Mitgliederversammlung sind hierbei einzuhalten.<br \/>\nDie a. o. Mitgliederversammlung hat dieselben Befugnisse wie die Mitgliederversammlung,<br \/>\nDer Vorsitzende oder die Vorsitzende muss eine a.o. Mitgliederversammlung einberufen, wenn mindestens ein Viertel der stimmberechtigten Vereinsmitglieder schriftlich unter Angabe des Grundes eine solche beantragen.<br \/>\n<\/span><\/li>\n<li><span class=\"gruen\">Zwei Kassenpr\u00fcfer oder Kassenpr\u00fcferinnen werden von der Mitgliederversammlung f\u00fcr die Dauer von zwei Jahren gew\u00e4hlt.<br \/>\nSie d\u00fcrfen dem Vorstand nicht angeh\u00f6ren.<br \/>\nUnmittelbare Wiederwahl ist nicht zul\u00e4ssig.<br \/>\n<\/span><\/li>\n<li><span class=\"gruen\">\u00dcber die Aufl\u00f6sung des Vereins beschlie\u00dft die Mitgliederversammlung oder die au\u00dferordentliche Mitgliederversammlung<br \/>\nmit der Mehrheit von drei Viertel der erschienen stimmberechtigten Mitglieder.<br \/>\nBei der Aufl\u00f6sung oder Aufhebung des Vereins oder bei Wegfall ihres bisherigen Zweckes f\u00e4llt das Vereinsverm\u00f6gen an die Gemeinde Stadensen oder deren Rechtsnachfolgerin mit der Verpflichtung, es f\u00fcr den Sport oder die Gesundheitsf\u00f6rderung zur Verf\u00fcgung zu stellen.<br \/>\n<\/span><\/li>\n<li><span class=\"gruen\">Als Gesch\u00e4ftsordnung f\u00fcr die Verhandlungen und Versammlungen des Vereins gelten die allgemeinen parlamentarischen Regeln.<br \/>\nDie Beschl\u00fcsse innerhalb des Vorstandes sowie der Mitgliederversammlung des Vereins werden mit einfacher Stimmenmehrheit gefasst.<br \/>\nWahlen werden mit absoluter Mehrheit ggf. durch Stichwahlen entschieden.<br \/>\nSie m\u00fcssen auf Antrag mit Stimmzetteln erfolgen.<br \/>\nLiegt nur ein Wahlvorschlag vor oder erhebt sich kein Widerspruch, ist die Wahl durch Handzeichen zul\u00e4ssig.<br \/>\n<\/span><\/li>\n<li><span class=\"gruen\"><span class=\"gruen\">Die in den Vorstands-Sitzungen und Mitgliederversammlungen gefassten Beschl\u00fcsse sind schriftlich niederzulegen und von dem Versammlungsleiter<br \/>\noder der Versammlungsleiterin und dem Protokollf\u00fchrer oder der Protokollf\u00fchrerin zu unterschreiben.<\/span><\/span><\/li>\n<\/ol>\n<hr \/>\n<p>Diese Satzung wurde beschlossen am 26.01.2001.<\/p>\n<p>Die Satzung tritt am 26.01.2001 in Kraft.<\/p>\n<p>Stadensen, 26.01.2001<\/p>\n","protected":false},"excerpt":{"rendered":"<p>Der Verein f\u00fchrt den Namen &#8222;Interessengemeinschaft Sommerbad Stadensen e.V. &#8220; (im folgenden &#8222;Verein&#8220; genannt). Der Verein ist in das Vereinsregister einzutragen. Sitz des Vereins ist 29596 Stadensen Der Verein verfolgt ausschlie\u00dflich und unmittelbar gemeinn\u00fctzige Zwecke im Sinne des Abschnitts &#8222;steuerbeg\u00fcnstigte<\/p>\n","protected":false},"author":1,"featured_media":0,"parent":11790,"menu_order":0,"comment_status":"closed","ping_status":"closed","template":"","meta":{"ngg_post_thumbnail":0,"jetpack_post_was_ever_published":false,"footnotes":""},"class_list":["post-11838","page","type-page","status-publish","hentry"],"jetpack_sharing_enabled":true,"jetpack_shortlink":"https:\/\/wp.me\/P7EHg6-34W","jetpack-related-posts":[{"id":11836,"url":"http:\/\/www.sommerbad-stadensen.de\/?page_id=11836","url_meta":{"origin":11838,"position":0},"title":"Daten und Fakten zur ISO","author":"Ingo Wolterstorff","date":"5. Januar 2016","format":false,"excerpt":"Daten und Fakten zur ISO Mitgliederstand 368 Wirkungskreis s\u00fcdl. Landkreis Uelzen Einzugsbereich Uelzen, Holdenstedt, Gemeinden Stadensen, Wrestedt, Suderburg, Gerdau Ziel des Vereins \u00dcbernahme und Weiterf\u00fchrung des Sommerbades in Stadensen Mitgliedschaft anderer Vereine DLRG Stadensen FFW Stadensen FFW Wrestedt SV Stadensen FFW Nienwolde FFW Nettelkamp VFL Suderburg Gesangsverein Heiderose Stadensen TSV\u2026","rel":"","context":"\u00c4hnlicher Beitrag","block_context":{"text":"\u00c4hnlicher Beitrag","link":""},"img":{"alt_text":"","src":"","width":0,"height":0},"classes":[]},{"id":11736,"url":"http:\/\/www.sommerbad-stadensen.de\/?page_id=11736","url_meta":{"origin":11838,"position":1},"title":"Bad","author":"Ingo Wolterstorff","date":"2. Januar 2016","format":false,"excerpt":"Im s\u00fcdlichen Landkreis Uelzen, etwa 4 km von der Bundesstra\u00dfe 4 entfernt, liegt das Sommerbad Stadensen. Mit seiner 750qm gro\u00dfen Wasserfl\u00e4che z\u00e4hlt es zwar nicht zu den gr\u00f6\u00dften B\u00e4dern, aber bestimmt zu den gem\u00fctlichsten. Von den vielen touristischen Ausflugszielen der Gegend wie z. B. Hardausee, Schleuse Esterholz, Seepark Bad Bodenteich\u2026","rel":"","context":"\u00c4hnlicher Beitrag","block_context":{"text":"\u00c4hnlicher Beitrag","link":""},"img":{"alt_text":"","src":"https:\/\/i0.wp.com\/www.sommerbad-stadensen.de\/wp\/wp-content\/uploads\/2016\/01\/kioskbereich_breit.jpg?resize=350%2C200","width":350,"height":200,"srcset":"https:\/\/i0.wp.com\/www.sommerbad-stadensen.de\/wp\/wp-content\/uploads\/2016\/01\/kioskbereich_breit.jpg?resize=350%2C200 1x, https:\/\/i0.wp.com\/www.sommerbad-stadensen.de\/wp\/wp-content\/uploads\/2016\/01\/kioskbereich_breit.jpg?resize=525%2C300 1.5x, https:\/\/i0.wp.com\/www.sommerbad-stadensen.de\/wp\/wp-content\/uploads\/2016\/01\/kioskbereich_breit.jpg?resize=700%2C400 2x"},"classes":[]},{"id":10841,"url":"http:\/\/www.sommerbad-stadensen.de\/?page_id=10841","url_meta":{"origin":11838,"position":2},"title":"Impressum","author":"Ingo Wolterstorff","date":"30. Dezember 2015","format":false,"excerpt":"Die Interessengemeinschaft Sommerbad Stadensen e. V. (im folgenden 'ISO' genannt) wird vertreten durch: Name: Reinhard Wagner Anschrift: Waldstr. 6 29559 Wrestedt E-Mail: sommerbad-stadensen@t-online.de www: www.sommerbad-stadensen.de Vereinsregister: VR 140448,\u00a0AG L\u00fcneburg,\u00a0Registerabteilung Uelzen Steuernummer: Finanzamt Uelzen: 47\/219\/04710 Bankverbindungen: Volksbank Uelzen-Salzwedel e.G. IBAN: DE35 2586 2292 0031 4099 00 BIC: GENODEF1EUBSparkasse Uelzen \/ L\u00fcchow-Dannenberg\u2026","rel":"","context":"\u00c4hnlicher Beitrag","block_context":{"text":"\u00c4hnlicher Beitrag","link":""},"img":{"alt_text":"","src":"","width":0,"height":0},"classes":[]},{"id":13176,"url":"http:\/\/www.sommerbad-stadensen.de\/?page_id=13176","url_meta":{"origin":11838,"position":3},"title":"Datenschutzerkl\u00e4rung","author":"Ingo Wolterstorff","date":"23. Mai 2018","format":false,"excerpt":"Datenschutzerkl\u00e4rung Verantwortliche Stelle im Sinne der Datenschutzgesetze ist: Interessengemeinschaft Sommerbad Stadensen e.V. vertreten durch 1. Vorsitzender: Reinhard Wagner Erfassung allgemeiner Informationen Wenn Sie auf unsere Webseite zugreifen, werden automatisch Informationen allgemeiner Natur erfasst. Diese Informationen (Server-Logfiles) beinhalten etwa die Art des Webbrowsers, das verwendete Betriebssystem, den Domainnamen Ihres Internet Service\u2026","rel":"","context":"\u00c4hnlicher Beitrag","block_context":{"text":"\u00c4hnlicher Beitrag","link":""},"img":{"alt_text":"","src":"","width":0,"height":0},"classes":[]},{"id":11795,"url":"http:\/\/www.sommerbad-stadensen.de\/?page_id=11795","url_meta":{"origin":11838,"position":4},"title":"Beitritt zur ISO","author":"Ingo Wolterstorff","date":"4. Januar 2016","format":false,"excerpt":"Nutzen Sie die verlinkte Beitrittserkl\u00e4rung, um die Interessengemeinschaft Sommerbad Stadensen (ISO) zu unterst\u00fctzen:","rel":"","context":"\u00c4hnlicher Beitrag","block_context":{"text":"\u00c4hnlicher Beitrag","link":""},"img":{"alt_text":"","src":"","width":0,"height":0},"classes":[]},{"id":12938,"url":"http:\/\/www.sommerbad-stadensen.de\/?page_id=12938","url_meta":{"origin":11838,"position":5},"title":"Aquajogging 2017","author":"Ingo Wolterstorff","date":"14. April 2017","format":false,"excerpt":"Aquajogging 2017 * Hinweis:\u00a0Eintritt gilt nur f\u00fcr Personen,\u00a0die keine Saisonkarte des Sommerbades Stadensen\u00a0f\u00fcr das Jahr 2017 besitzen.","rel":"","context":"\u00c4hnlicher Beitrag","block_context":{"text":"\u00c4hnlicher Beitrag","link":""},"img":{"alt_text":"","src":"https:\/\/i0.wp.com\/www.sommerbad-stadensen.de\/wp\/wp-content\/uploads\/2017\/04\/kursangebote_2017_aquajogging.png?resize=350%2C200","width":350,"height":200,"srcset":"https:\/\/i0.wp.com\/www.sommerbad-stadensen.de\/wp\/wp-content\/uploads\/2017\/04\/kursangebote_2017_aquajogging.png?resize=350%2C200 1x, https:\/\/i0.wp.com\/www.sommerbad-stadensen.de\/wp\/wp-content\/uploads\/2017\/04\/kursangebote_2017_aquajogging.png?resize=525%2C300 1.5x, https:\/\/i0.wp.com\/www.sommerbad-stadensen.de\/wp\/wp-content\/uploads\/2017\/04\/kursangebote_2017_aquajogging.png?resize=700%2C400 2x"},"classes":[]}],"_links":{"self":[{"href":"http:\/\/www.sommerbad-stadensen.de\/index.php?rest_route=\/wp\/v2\/pages\/11838","targetHints":{"allow":["GET"]}}],"collection":[{"href":"http:\/\/www.sommerbad-stadensen.de\/index.php?rest_route=\/wp\/v2\/pages"}],"about":[{"href":"http:\/\/www.sommerbad-stadensen.de\/index.php?rest_route=\/wp\/v2\/types\/page"}],"author":[{"embeddable":true,"href":"http:\/\/www.sommerbad-stadensen.de\/index.php?rest_route=\/wp\/v2\/users\/1"}],"replies":[{"embeddable":true,"href":"http:\/\/www.sommerbad-stadensen.de\/index.php?rest_route=%2Fwp%2Fv2%2Fcomments&post=11838"}],"version-history":[{"count":4,"href":"http:\/\/www.sommerbad-stadensen.de\/index.php?rest_route=\/wp\/v2\/pages\/11838\/revisions"}],"predecessor-version":[{"id":11845,"href":"http:\/\/www.sommerbad-stadensen.de\/index.php?rest_route=\/wp\/v2\/pages\/11838\/revisions\/11845"}],"up":[{"embeddable":true,"href":"http:\/\/www.sommerbad-stadensen.de\/index.php?rest_route=\/wp\/v2\/pages\/11790"}],"wp:attachment":[{"href":"http:\/\/www.sommerbad-stadensen.de\/index.php?rest_route=%2Fwp%2Fv2%2Fmedia&parent=11838"}],"curies":[{"name":"wp","href":"https:\/\/api.w.org\/{rel}","templated":true}]}}