{"id":11795,"date":"2016-01-04T22:04:16","date_gmt":"2016-01-04T21:04:16","guid":{"rendered":"http:\/\/www.sommerbad-stadensen.de\/wp\/?page_id=11795"},"modified":"2021-12-09T13:48:42","modified_gmt":"2021-12-09T12:48:42","slug":"beitritt-zur-iso","status":"publish","type":"page","link":"http:\/\/www.sommerbad-stadensen.de\/?page_id=11795","title":{"rendered":"Beitritt zur ISO"},"content":{"rendered":"<p>Nutzen Sie die verlinkte Beitrittserkl\u00e4rung, um die Interessengemeinschaft Sommerbad Stadensen (ISO) zu unterst\u00fctzen:<\/p>\n<div class='w3eden'><!-- WPDM Link Template: Default Template -->\n\n<div class=\"link-template-default card mb-2\">\n    <div class=\"card-body\">\n        <div class=\"media\">\n            <div class=\"mr-3 img-48\"><img decoding=\"async\" class=\"wpdm_icon\" alt=\"Icon\" src=\"http:\/\/www.sommerbad-stadensen.de\/wp\/wp-content\/plugins\/download-manager\/assets\/file-type-icons\/pdf.svg\" \/><\/div>\n            <div class=\"media-body\">\n                <h3 class=\"package-title\"><a href='http:\/\/www.sommerbad-stadensen.de\/?wpdmpro=beitrittserklaerung'>Beitrittserkl\u00e4rung<\/a><\/h3>\n                <div class=\"text-muted text-small\"><i class=\"fas fa-copy\"><\/i> 1 Datei(en) <i class=\"fas fa-hdd ml-3\"><\/i> 418.23 KB<\/div>\n            <\/div>\n            <div class=\"ml-3\">\n                <a class='wpdm-download-link download-on-click btn btn-primary ' rel='nofollow' href='#' data-downloadurl=\"http:\/\/www.sommerbad-stadensen.de\/?wpdmpro=beitrittserklaerung&wpdmdl=13362&refresh=69e78ad3ddad91776782035\">Download<\/a>\n            <\/div>\n        <\/div>\n    <\/div>\n<\/div>\n\n<\/div>\n","protected":false},"excerpt":{"rendered":"<p>Nutzen Sie die verlinkte Beitrittserkl\u00e4rung, um die Interessengemeinschaft Sommerbad Stadensen (ISO) zu unterst\u00fctzen:<\/p>\n","protected":false},"author":1,"featured_media":0,"parent":11790,"menu_order":0,"comment_status":"closed","ping_status":"closed","template":"","meta":{"ngg_post_thumbnail":0,"jetpack_post_was_ever_published":false,"footnotes":""},"class_list":["post-11795","page","type-page","status-publish","hentry"],"jetpack_sharing_enabled":true,"jetpack_shortlink":"https:\/\/wp.me\/P7EHg6-34f","jetpack-related-posts":[{"id":11836,"url":"http:\/\/www.sommerbad-stadensen.de\/?page_id=11836","url_meta":{"origin":11795,"position":0},"title":"Daten und Fakten zur ISO","author":"Ingo Wolterstorff","date":"5. Januar 2016","format":false,"excerpt":"Daten und Fakten zur ISO Mitgliederstand 368 Wirkungskreis s\u00fcdl. Landkreis Uelzen Einzugsbereich Uelzen, Holdenstedt, Gemeinden Stadensen, Wrestedt, Suderburg, Gerdau Ziel des Vereins \u00dcbernahme und Weiterf\u00fchrung des Sommerbades in Stadensen Mitgliedschaft anderer Vereine DLRG Stadensen FFW Stadensen FFW Wrestedt SV Stadensen FFW Nienwolde FFW Nettelkamp VFL Suderburg Gesangsverein Heiderose Stadensen TSV\u2026","rel":"","context":"\u00c4hnlicher Beitrag","block_context":{"text":"\u00c4hnlicher Beitrag","link":""},"img":{"alt_text":"","src":"","width":0,"height":0},"classes":[]},{"id":11790,"url":"http:\/\/www.sommerbad-stadensen.de\/?page_id=11790","url_meta":{"origin":11795,"position":1},"title":"ISO","author":"Ingo Wolterstorff","date":"4. Januar 2016","format":false,"excerpt":"","rel":"","context":"\u00c4hnlicher Beitrag","block_context":{"text":"\u00c4hnlicher Beitrag","link":""},"img":{"alt_text":"","src":"","width":0,"height":0},"classes":[]},{"id":11826,"url":"http:\/\/www.sommerbad-stadensen.de\/?page_id=11826","url_meta":{"origin":11795,"position":2},"title":"Ansprechpartner der ISO","author":"Ingo Wolterstorff","date":"5. Januar 2016","format":false,"excerpt":"Spendenkonto: ISO Stadensen, Sparkasse Uelzen: IBAN\u00a0 DE42 2585 0110 0012 0027 70 Vorstand Position Ansprechpartner Anschrift E-Mail Telefon 1. Vorsitz Reinhard Wagner Stadensen, Waldstra\u00dfe 6, 29559 Wrestedt wagner@sommerbad-stadensen.de \u00a0 2. Vorsitz Esther Suderburg \u00a0 \u00a0 \u00a0 Kassenwart J\u00fcrgen Licht M\u00fchlenstra\u00dfe 3, 29559 Wrestedt \u00a0 \u00a0 Schriftf\u00fchrung Kathrin Busse \u00a0 \u00a0\u2026","rel":"","context":"\u00c4hnlicher Beitrag","block_context":{"text":"\u00c4hnlicher Beitrag","link":""},"img":{"alt_text":"","src":"","width":0,"height":0},"classes":[]},{"id":10841,"url":"http:\/\/www.sommerbad-stadensen.de\/?page_id=10841","url_meta":{"origin":11795,"position":3},"title":"Impressum","author":"Ingo Wolterstorff","date":"30. Dezember 2015","format":false,"excerpt":"Die Interessengemeinschaft Sommerbad Stadensen e. V. (im folgenden 'ISO' genannt) wird vertreten durch: Name: Reinhard Wagner Anschrift: Waldstr. 6 29559 Wrestedt E-Mail: sommerbad-stadensen@t-online.de www: www.sommerbad-stadensen.de Vereinsregister: VR 140448,\u00a0AG L\u00fcneburg,\u00a0Registerabteilung Uelzen Steuernummer: Finanzamt Uelzen: 47\/219\/04710 Bankverbindungen: Volksbank Uelzen-Salzwedel e.G. IBAN: DE35 2586 2292 0031 4099 00 BIC: GENODEF1EUBSparkasse Uelzen \/ L\u00fcchow-Dannenberg\u2026","rel":"","context":"\u00c4hnlicher Beitrag","block_context":{"text":"\u00c4hnlicher Beitrag","link":""},"img":{"alt_text":"","src":"","width":0,"height":0},"classes":[]},{"id":10700,"url":"http:\/\/www.sommerbad-stadensen.de\/?page_id=10700","url_meta":{"origin":11795,"position":4},"title":"Saison 2009 &#8211; Fahrradtour der ISO","author":"Ingo Wolterstorff","date":"28. Dezember 2015","format":false,"excerpt":"","rel":"","context":"\u00c4hnlicher Beitrag","block_context":{"text":"\u00c4hnlicher Beitrag","link":""},"img":{"alt_text":"","src":"","width":0,"height":0},"classes":[]},{"id":10973,"url":"http:\/\/www.sommerbad-stadensen.de\/?page_id=10973","url_meta":{"origin":11795,"position":5},"title":"Saison 2012 &#8211; Weihnachtsmarkt der ISO am Altenheim Stadensen","author":"Ingo Wolterstorff","date":"30. Dezember 2015","format":false,"excerpt":"","rel":"","context":"\u00c4hnlicher Beitrag","block_context":{"text":"\u00c4hnlicher Beitrag","link":""},"img":{"alt_text":"","src":"","width":0,"height":0},"classes":[]}],"_links":{"self":[{"href":"http:\/\/www.sommerbad-stadensen.de\/index.php?rest_route=\/wp\/v2\/pages\/11795","targetHints":{"allow":["GET"]}}],"collection":[{"href":"http:\/\/www.sommerbad-stadensen.de\/index.php?rest_route=\/wp\/v2\/pages"}],"about":[{"href":"http:\/\/www.sommerbad-stadensen.de\/index.php?rest_route=\/wp\/v2\/types\/page"}],"author":[{"embeddable":true,"href":"http:\/\/www.sommerbad-stadensen.de\/index.php?rest_route=\/wp\/v2\/users\/1"}],"replies":[{"embeddable":true,"href":"http:\/\/www.sommerbad-stadensen.de\/index.php?rest_route=%2Fwp%2Fv2%2Fcomments&post=11795"}],"version-history":[{"count":7,"href":"http:\/\/www.sommerbad-stadensen.de\/index.php?rest_route=\/wp\/v2\/pages\/11795\/revisions"}],"predecessor-version":[{"id":13365,"href":"http:\/\/www.sommerbad-stadensen.de\/index.php?rest_route=\/wp\/v2\/pages\/11795\/revisions\/13365"}],"up":[{"embeddable":true,"href":"http:\/\/www.sommerbad-stadensen.de\/index.php?rest_route=\/wp\/v2\/pages\/11790"}],"wp:attachment":[{"href":"http:\/\/www.sommerbad-stadensen.de\/index.php?rest_route=%2Fwp%2Fv2%2Fmedia&parent=11795"}],"curies":[{"name":"wp","href":"https:\/\/api.w.org\/{rel}","templated":true}]}}