{"id":11736,"date":"2016-01-02T20:42:08","date_gmt":"2016-01-02T19:42:08","guid":{"rendered":"http:\/\/www.sommerbad-stadensen.de\/wp\/?page_id=11736"},"modified":"2023-08-06T07:48:11","modified_gmt":"2023-08-06T05:48:11","slug":"bad","status":"publish","type":"page","link":"http:\/\/www.sommerbad-stadensen.de\/?page_id=11736","title":{"rendered":"Bad"},"content":{"rendered":"<p><img data-recalc-dims=\"1\" loading=\"lazy\" decoding=\"async\" data-attachment-id=\"11772\" data-permalink=\"http:\/\/www.sommerbad-stadensen.de\/?attachment_id=11772\" data-orig-file=\"https:\/\/i0.wp.com\/www.sommerbad-stadensen.de\/wp\/wp-content\/uploads\/2016\/01\/kioskbereich_breit.jpg?fit=732%2C200\" data-orig-size=\"732,200\" data-comments-opened=\"1\" data-image-meta=\"{&quot;aperture&quot;:&quot;4&quot;,&quot;credit&quot;:&quot;Jan Pieter Hene&quot;,&quot;camera&quot;:&quot;Canon EOS 550D&quot;,&quot;caption&quot;:&quot;&quot;,&quot;created_timestamp&quot;:&quot;1307173716&quot;,&quot;copyright&quot;:&quot;@ bei Jan Pieter Hene           29596 Stadensen 2010&quot;,&quot;focal_length&quot;:&quot;17&quot;,&quot;iso&quot;:&quot;100&quot;,&quot;shutter_speed&quot;:&quot;0.00125&quot;,&quot;title&quot;:&quot;&quot;,&quot;orientation&quot;:&quot;1&quot;}\" data-image-title=\"kioskbereich_breit\" data-image-description=\"\" data-image-caption=\"\" data-medium-file=\"https:\/\/i0.wp.com\/www.sommerbad-stadensen.de\/wp\/wp-content\/uploads\/2016\/01\/kioskbereich_breit.jpg?fit=300%2C82\" data-large-file=\"https:\/\/i0.wp.com\/www.sommerbad-stadensen.de\/wp\/wp-content\/uploads\/2016\/01\/kioskbereich_breit.jpg?fit=732%2C200\" class=\"aligncenter wp-image-11772 size-full\" src=\"https:\/\/i0.wp.com\/www.sommerbad-stadensen.de\/wp\/wp-content\/uploads\/2016\/01\/kioskbereich_breit.jpg?resize=732%2C200\" alt=\"Kioskbereich\" width=\"732\" height=\"200\" srcset=\"https:\/\/i0.wp.com\/www.sommerbad-stadensen.de\/wp\/wp-content\/uploads\/2016\/01\/kioskbereich_breit.jpg?w=732 732w, https:\/\/i0.wp.com\/www.sommerbad-stadensen.de\/wp\/wp-content\/uploads\/2016\/01\/kioskbereich_breit.jpg?resize=300%2C82 300w\" sizes=\"auto, (max-width: 732px) 100vw, 732px\" \/><\/p>\n<p>Im s\u00fcdlichen Landkreis Uelzen, etwa 4 km von der Bundesstra\u00dfe 4 entfernt, liegt das Sommerbad Stadensen. Mit seiner 750qm gro\u00dfen Wasserfl\u00e4che z\u00e4hlt es zwar nicht zu den gr\u00f6\u00dften B\u00e4dern, aber bestimmt zu den gem\u00fctlichsten. Von den vielen touristischen Ausflugszielen der Gegend wie z. B. Hardausee, Schleuse Esterholz, Seepark Bad Bodenteich und dem Hundertwasserbahnhof Uelzen l\u00e4sst sich das Freibad bequem per erreichen. entweder mit dem Auto, oder auch mit dem Fahrrad.<\/p>\n<p>Zudem ist es im s\u00fcdwestlichen Landkreis das einzige&nbsp;beheizte &amp; chlorreduzierte Freibad. Dies macht das Wasser sp\u00fcrbar weicher und angenehmer als bspw. in anderen Freib\u00e4dern.<\/p>\n<p>B\u00e4ume auf den gro\u00dfz\u00fcgigen Liegewiesen geben den Besuchern angenehmen Schatten, die &#8222;Sonnenhungrigen&#8220; nutzen die \u00fcbrigen Fl\u00e4chen. Durch Spielplatz, Tischtennisplatte, Kletterturm und 2 Beach-Volleyballfeldern ist auch au\u00dferhalb des Wassers genug Raum f\u00fcr sportliche Bet\u00e4tigung gesorgt.<\/p>\n<p>Der Kiosk ist ein Grund, die eigene K\u00fcche kalt zu lassen. &#8211; Hier gibt es allerlei Deftiges, S\u00fc\u00dfes und Erfrischendes!<\/p>\n<p>Zwischen Mai und September jeden Jahres, entwickelt sich das Bad zum Mittelpunkt des Ortes. Es werden verschiedene Aktivit\u00e4ten, Kurse und Feste von Vereinen und Institutionen angeboten. Entweder trifft man sich dort, oder einfach auf der Terrasse zum Kl\u00f6nschnack.<\/p>\n<p>Egal ob Wasser-Ratte, Sport- oder Freizeitschwimmer&#8230;die ruhige Lage des Sommerbades Stadensen erm\u00f6glicht es Jung und Alt nach einem anstrengenden Tag abzuschalten und die Seele baumeln zu lassen&#8230;<\/p>\n","protected":false},"excerpt":{"rendered":"<p>Im s\u00fcdlichen Landkreis Uelzen, etwa 4 km von der Bundesstra\u00dfe 4 entfernt, liegt das Sommerbad Stadensen. Mit seiner 750qm gro\u00dfen Wasserfl\u00e4che z\u00e4hlt es zwar nicht zu den gr\u00f6\u00dften B\u00e4dern, aber bestimmt zu den gem\u00fctlichsten. Von den vielen touristischen Ausflugszielen der<\/p>\n","protected":false},"author":1,"featured_media":0,"parent":0,"menu_order":0,"comment_status":"closed","ping_status":"closed","template":"","meta":{"ngg_post_thumbnail":0,"jetpack_post_was_ever_published":false,"footnotes":""},"class_list":["post-11736","page","type-page","status-publish","hentry"],"jetpack_sharing_enabled":true,"jetpack_shortlink":"https:\/\/wp.me\/P7EHg6-33i","jetpack-related-posts":[{"id":11836,"url":"http:\/\/www.sommerbad-stadensen.de\/?page_id=11836","url_meta":{"origin":11736,"position":0},"title":"Daten und Fakten zur ISO","author":"Ingo Wolterstorff","date":"5. Januar 2016","format":false,"excerpt":"Daten und Fakten zur ISO Mitgliederstand 368 Wirkungskreis s\u00fcdl. Landkreis Uelzen Einzugsbereich Uelzen, Holdenstedt, Gemeinden Stadensen, Wrestedt, Suderburg, Gerdau Ziel des Vereins \u00dcbernahme und Weiterf\u00fchrung des Sommerbades in Stadensen Mitgliedschaft anderer Vereine DLRG Stadensen FFW Stadensen FFW Wrestedt SV Stadensen FFW Nienwolde FFW Nettelkamp VFL Suderburg Gesangsverein Heiderose Stadensen TSV\u2026","rel":"","context":"\u00c4hnlicher Beitrag","block_context":{"text":"\u00c4hnlicher Beitrag","link":""},"img":{"alt_text":"","src":"","width":0,"height":0},"classes":[]},{"id":10841,"url":"http:\/\/www.sommerbad-stadensen.de\/?page_id=10841","url_meta":{"origin":11736,"position":1},"title":"Impressum","author":"Ingo Wolterstorff","date":"30. Dezember 2015","format":false,"excerpt":"Die Interessengemeinschaft Sommerbad Stadensen e. V. (im folgenden 'ISO' genannt) wird vertreten durch: Name: Reinhard Wagner Anschrift: Waldstr. 6 29559 Wrestedt E-Mail: sommerbad-stadensen@t-online.de www: www.sommerbad-stadensen.de Vereinsregister: VR 140448,\u00a0AG L\u00fcneburg,\u00a0Registerabteilung Uelzen Steuernummer: Finanzamt Uelzen: 47\/219\/04710 Bankverbindungen: Volksbank Uelzen-Salzwedel e.G. IBAN: DE35 2586 2292 0031 4099 00 BIC: GENODEF1EUBSparkasse Uelzen \/ L\u00fcchow-Dannenberg\u2026","rel":"","context":"\u00c4hnlicher Beitrag","block_context":{"text":"\u00c4hnlicher Beitrag","link":""},"img":{"alt_text":"","src":"","width":0,"height":0},"classes":[]},{"id":11826,"url":"http:\/\/www.sommerbad-stadensen.de\/?page_id=11826","url_meta":{"origin":11736,"position":2},"title":"Ansprechpartner der ISO","author":"Ingo Wolterstorff","date":"5. Januar 2016","format":false,"excerpt":"Spendenkonto: ISO Stadensen, Sparkasse Uelzen: IBAN\u00a0 DE42 2585 0110 0012 0027 70 Vorstand Position Ansprechpartner Anschrift E-Mail Telefon 1. Vorsitz Reinhard Wagner Stadensen, Waldstra\u00dfe 6, 29559 Wrestedt wagner@sommerbad-stadensen.de \u00a0 2. Vorsitz Esther Suderburg \u00a0 \u00a0 \u00a0 Kassenwart J\u00fcrgen Licht M\u00fchlenstra\u00dfe 3, 29559 Wrestedt \u00a0 \u00a0 Schriftf\u00fchrung Kathrin Busse \u00a0 \u00a0\u2026","rel":"","context":"\u00c4hnlicher Beitrag","block_context":{"text":"\u00c4hnlicher Beitrag","link":""},"img":{"alt_text":"","src":"","width":0,"height":0},"classes":[]},{"id":11961,"url":"http:\/\/www.sommerbad-stadensen.de\/?page_id=11961","url_meta":{"origin":11736,"position":3},"title":"memon: Gesundes Badewasser durch Wasser-Renaturierung","author":"Ingo Wolterstorff","date":"17. Mai 2016","format":false,"excerpt":"Im Sommerbad Stadensen wurde in der Sommersaison 2002 das Pilotprojekt \u201eGesundes Badewasser\u201c durchgef\u00fchrt. In den folgenden Jahren wurde dieses Projekt fortgef\u00fchrt und weiter verbessert. Das ausgereifte Konzept hat seit 13 Jahren durchgehend Bestand und erzielt mit erheblicher Verringerung der Chlorzufuhr eine optimale Wasserqualit\u00e4t. Erfahren sie mehr auf den Seiten von\u2026","rel":"","context":"\u00c4hnlicher Beitrag","block_context":{"text":"\u00c4hnlicher Beitrag","link":""},"img":{"alt_text":"","src":"https:\/\/i0.wp.com\/www.sommerbad-stadensen.de\/wp\/wp-content\/uploads\/2023\/08\/memon_logo_2023-1024x307.jpg?resize=350%2C200","width":350,"height":200,"srcset":"https:\/\/i0.wp.com\/www.sommerbad-stadensen.de\/wp\/wp-content\/uploads\/2023\/08\/memon_logo_2023-1024x307.jpg?resize=350%2C200 1x, https:\/\/i0.wp.com\/www.sommerbad-stadensen.de\/wp\/wp-content\/uploads\/2023\/08\/memon_logo_2023-1024x307.jpg?resize=525%2C300 1.5x, https:\/\/i0.wp.com\/www.sommerbad-stadensen.de\/wp\/wp-content\/uploads\/2023\/08\/memon_logo_2023-1024x307.jpg?resize=700%2C400 2x"},"classes":[]},{"id":11863,"url":"http:\/\/www.sommerbad-stadensen.de\/?page_id=11863","url_meta":{"origin":11736,"position":4},"title":"Eintrittspreise","author":"Ingo Wolterstorff","date":"6. Januar 2016","format":false,"excerpt":"Eintrittspreise Einzelkarte Jugendliche 2,50 \u20ac Einzelkarte Erwachsene 3,50 \u20ac 12er-Karte Jugendliche 25,00 \u20ac 12er-Karte Erwachsene 35,00 \u20ac Dauerkarte Jugendliche 40,00 \u20ac Dauerkarte Erwachsene 70,00 \u20ac Dauerkarte Ehepaare mit Kind(ern) 115,00 \u20ac Dauerkarte Gro\u00dfeltern mit Enkelkind(ern) 115,00 \u20ac Dauerkarte Alleinstehende mit Kind(ern) 80,00 \u20ac Erm\u00e4\u00dfigungen: Happy-Hour-Tarif (Mittwoch, Donnerstag und Freitag ab\u2026","rel":"","context":"\u00c4hnlicher Beitrag","block_context":{"text":"\u00c4hnlicher Beitrag","link":""},"img":{"alt_text":"","src":"https:\/\/i0.wp.com\/www.sommerbad-stadensen.de\/wp\/wp-content\/uploads\/2023\/08\/hanse-fit-partner-logo_2023-1024x200.jpg?resize=350%2C200","width":350,"height":200,"srcset":"https:\/\/i0.wp.com\/www.sommerbad-stadensen.de\/wp\/wp-content\/uploads\/2023\/08\/hanse-fit-partner-logo_2023-1024x200.jpg?resize=350%2C200 1x, https:\/\/i0.wp.com\/www.sommerbad-stadensen.de\/wp\/wp-content\/uploads\/2023\/08\/hanse-fit-partner-logo_2023-1024x200.jpg?resize=525%2C300 1.5x, https:\/\/i0.wp.com\/www.sommerbad-stadensen.de\/wp\/wp-content\/uploads\/2023\/08\/hanse-fit-partner-logo_2023-1024x200.jpg?resize=700%2C400 2x"},"classes":[]},{"id":11738,"url":"http:\/\/www.sommerbad-stadensen.de\/?page_id=11738","url_meta":{"origin":11736,"position":5},"title":"Wasserzeiten","author":"Ingo Wolterstorff","date":"2. Januar 2016","format":false,"excerpt":"Wasserzeiten Montag 10:30 Uhr - 18:00 Uhr, anschlie\u00dfend DLRG Training Dienstag Ruhetag Mittwoch 10:30 Uhr - 19:30 Uhr Donnerstag 10:30 Uhr - 19:30 Uhr Freitag 10:30 Uhr - 19:30 Uhr Samstag 10:30 Uhr - 19:00 Uhr Sonntag 10:30 Uhr - 19:00 Uhr Einlass bis 15 Minuten vor Ende der Wasserzeit\u2026","rel":"","context":"\u00c4hnlicher Beitrag","block_context":{"text":"\u00c4hnlicher Beitrag","link":""},"img":{"alt_text":"","src":"","width":0,"height":0},"classes":[]}],"_links":{"self":[{"href":"http:\/\/www.sommerbad-stadensen.de\/index.php?rest_route=\/wp\/v2\/pages\/11736","targetHints":{"allow":["GET"]}}],"collection":[{"href":"http:\/\/www.sommerbad-stadensen.de\/index.php?rest_route=\/wp\/v2\/pages"}],"about":[{"href":"http:\/\/www.sommerbad-stadensen.de\/index.php?rest_route=\/wp\/v2\/types\/page"}],"author":[{"embeddable":true,"href":"http:\/\/www.sommerbad-stadensen.de\/index.php?rest_route=\/wp\/v2\/users\/1"}],"replies":[{"embeddable":true,"href":"http:\/\/www.sommerbad-stadensen.de\/index.php?rest_route=%2Fwp%2Fv2%2Fcomments&post=11736"}],"version-history":[{"count":4,"href":"http:\/\/www.sommerbad-stadensen.de\/index.php?rest_route=\/wp\/v2\/pages\/11736\/revisions"}],"predecessor-version":[{"id":14031,"href":"http:\/\/www.sommerbad-stadensen.de\/index.php?rest_route=\/wp\/v2\/pages\/11736\/revisions\/14031"}],"wp:attachment":[{"href":"http:\/\/www.sommerbad-stadensen.de\/index.php?rest_route=%2Fwp%2Fv2%2Fmedia&parent=11736"}],"curies":[{"name":"wp","href":"https:\/\/api.w.org\/{rel}","templated":true}]}}