{"id":10841,"date":"2015-12-30T15:36:28","date_gmt":"2015-12-30T14:36:28","guid":{"rendered":"http:\/\/www.sommerbad-stadensen.de\/wp\/?page_id=10841"},"modified":"2022-11-24T08:27:32","modified_gmt":"2022-11-24T07:27:32","slug":"impressum","status":"publish","type":"page","link":"http:\/\/www.sommerbad-stadensen.de\/?page_id=10841","title":{"rendered":"Impressum"},"content":{"rendered":"<table>\n<tbody>\n<tr>\n<td colspan=\"2\">Die <strong>Interessengemeinschaft Sommerbad Stadensen e. V.<\/strong> (im folgenden &#8218;ISO&#8216; genannt) wird vertreten durch:<\/td>\n<\/tr>\n<tr>\n<td>Name:<\/td>\n<td>Reinhard Wagner<\/td>\n<\/tr>\n<tr>\n<td rowspan=\"2\">Anschrift:<\/td>\n<td>Waldstr. 6<\/td>\n<\/tr>\n<tr>\n<td>29559 Wrestedt<\/td>\n<\/tr>\n<tr>\n<td>E-Mail:<\/td>\n<td><a href=\"http:\/\/www.sommerbad-stadensen.de\/wp\/?page_id=10849\">sommerbad-stadensen@t-online.de<\/a><\/td>\n<\/tr>\n<tr>\n<td>www:<\/td>\n<td>www.sommerbad-stadensen.de<\/td>\n<\/tr>\n<tr>\n<td>Vereinsregister:<\/td>\n<td><span class=\"schwarz\">VR 140448,&nbsp;<\/span><span class=\"schwarz\">AG L\u00fcneburg,&nbsp;<\/span><span class=\"schwarz\">Registerabteilung Uelzen<\/span><\/td>\n<\/tr>\n<tr>\n<td>Steuernummer:<\/td>\n<td><span class=\"schwarz\">Finanzamt Uelzen: 47\/219\/04710<\/span><\/td>\n<\/tr>\n<tr>\n<td>Bankverbindungen:<\/td>\n<td><span class=\"schwarz\">Volksbank Uelzen-Salzwedel e.G.<br \/>\nIBAN: DE35 2586 2292 0031 4099 00<br \/>\nBIC: GENODEF1EUB<\/span>Sparkasse Uelzen \/ L\u00fcchow-Dannenberg<br \/>\nIBAN: DE42 2585 0110 0012 0027 70<br \/>\nBIC: NOLADE21UEL<\/td>\n<\/tr>\n<tr>\n<td>Anschrift Bad:<\/td>\n<td><span class=\"schwarz\">Sportweg, 29559 Wrestedt<\/span><\/td>\n<\/tr>\n<\/tbody>\n<\/table>\n<h1 class=\"impressum\">Urheber- und Kennzeichnungspflicht<\/h1>\n<p>Die verwendeten Bilder, Grafiken und Beitr\u00e4ge der Homepage sind urheberrechtlich gesch\u00fctzt. Vor der Vervielf\u00e4ltigung oder Verwendung in anderen Publikationen bittet die ISO entweder um eine kurze R\u00fccksprache oder zumindestens um die Nennung der Original-Quelle.<\/p>\n<h1 class=\"impressum\">Inhalt des Onlineangebotes<\/h1>\n<p>Die ISO \u00fcbernimmt keinerlei Gew\u00e4hr f\u00fcr die Korrektheit, Aktualit\u00e4t, Vollst\u00e4ndigkeit der auf dieser Webseite bereitgestellten Informationen. Evtl. Haftungsanspr\u00fcche, die durch die Nutzung dieser Informationen oder durch die Nutzung von fehlerhaften oder unvollst\u00e4ndigen Informationen verursacht wurden, sind ausgeschlossen. Alle Angebote sind freibleibend und unverbindlich. Die ISO beh\u00e4lt sich ausdr\u00fccklich vor, einzelne Teile des Onlineangebotes oder das komplette Angebot ohne eine gesonderte Ank\u00fcndigung zu \u00e4ndern oder die Ver\u00f6ffentlichung einzustellen.<\/p>\n<h1 class=\"impressum\">Ver\u00f6ffentlichung von Bildern und Namen<\/h1>\n<p>Auf dieser Webseite werden unter anderem Namen und Bilder von Personen ver\u00f6ffentlicht, die mit dem Sommerbad Stadensen (und dem damit verbundenen Geschehen) etwas zu tun haben. Sollte die ISO mit diesen Ver\u00f6ffentlichungen (in Wort und Bild) jemanden verletzen, bzw. sollte jemand etwas gegen die Ver\u00f6ffentlichung seines Namens oder Bildes haben, so bittet die ISO um eine kurze Mitteilung.<\/p>\n<hr>\n<h1>Verwendete Ressourcen<\/h1>\n<p>Als Basis f\u00fcr die Seite wird&nbsp;<a href=\"https:\/\/de.wordpress.org\/\" target=\"_blank\" rel=\"noopener noreferrer\">WordPress<\/a> mit einigen Plugins (<a href=\"https:\/\/de.wordpress.org\/plugins\/nextgen-gallery\/\" target=\"_blank\" rel=\"noopener noreferrer\">NextGEN Gallery<\/a>, <a href=\"https:\/\/de.wordpress.org\/plugins\/breadcrumb-navxt\/\" target=\"_blank\" rel=\"noopener noreferrer\">Breadcrumb NavXT<\/a>, <a href=\"https:\/\/de.wordpress.org\/plugins\/contact-form-7\/\" target=\"_blank\" rel=\"noopener noreferrer\">Contact Form 7<\/a>, <a href=\"https:\/\/de.wordpress.org\/plugins\/download-manager\/\" target=\"_blank\" rel=\"noopener noreferrer\">WordPress Download Manager<\/a>, <a href=\"https:\/\/de.wordpress.org\/plugins\/wp-media-library-categories\/\" target=\"_blank\" rel=\"noopener noreferrer\">Media Library Categories<\/a>, <a href=\"https:\/\/de.wordpress.org\/plugins\/the-events-calendar\/\" target=\"_blank\" rel=\"noopener noreferrer\">The Events Calendar<\/a>, <a href=\"https:\/\/de.wordpress.org\/plugins\/tinymce-advanced\/\" target=\"_blank\" rel=\"noopener noreferrer\">TinyMCE Advanced<\/a>) genutzt. Als Theme kommt aktuell eine <a href=\"https:\/\/codex.wordpress.org\/Child_Themes\" target=\"_blank\" rel=\"noopener noreferrer\">angepasste<\/a> Version von <a href=\"https:\/\/wordpress.org\/themes\/spacious\/\" target=\"_blank\" rel=\"noopener noreferrer\">Spacious<\/a> zum Einsatz.<\/p>\n<p>Icons \/ Banner im Bereich der Getr\u00e4nke- &amp; Speise-Karte entstammen aus dem freien <a href=\"https:\/\/www.creativetail.com\/food-drink-icons\/\" target=\"_blank\" rel=\"noopener noreferrer\">Food &amp; Drink Icons-Set<\/a> von <a href=\"http:\/\/www.creativetail.com\" target=\"_blank\" rel=\"noopener noreferrer\">Creative Tail<\/a>.<\/p>\n<p>Und viel Kaffee&#8230;<\/p>\n<hr>\n<p><a href=\"http:\/\/www.sommerbad-stadensen.de\/?page_id=13176\">Datenschutzerkl\u00e4rung<\/a><\/p>\n","protected":false},"excerpt":{"rendered":"<p>Die Interessengemeinschaft Sommerbad Stadensen e. V. (im folgenden &#8218;ISO&#8216; genannt) wird vertreten durch: Name: Reinhard Wagner Anschrift: Waldstr. 6 29559 Wrestedt E-Mail: sommerbad-stadensen@t-online.de www: www.sommerbad-stadensen.de Vereinsregister: VR 140448,&nbsp;AG L\u00fcneburg,&nbsp;Registerabteilung Uelzen Steuernummer: Finanzamt Uelzen: 47\/219\/04710 Bankverbindungen: Volksbank Uelzen-Salzwedel e.G. IBAN: DE35<\/p>\n","protected":false},"author":1,"featured_media":0,"parent":0,"menu_order":0,"comment_status":"closed","ping_status":"closed","template":"","meta":{"ngg_post_thumbnail":0,"jetpack_post_was_ever_published":false,"footnotes":""},"class_list":["post-10841","page","type-page","status-publish","hentry"],"jetpack_sharing_enabled":true,"jetpack_shortlink":"https:\/\/wp.me\/P7EHg6-2OR","jetpack-related-posts":[{"id":11826,"url":"http:\/\/www.sommerbad-stadensen.de\/?page_id=11826","url_meta":{"origin":10841,"position":0},"title":"Ansprechpartner der ISO","author":"Ingo Wolterstorff","date":"5. Januar 2016","format":false,"excerpt":"Spendenkonto: ISO Stadensen, Sparkasse Uelzen: IBAN\u00a0 DE42 2585 0110 0012 0027 70 Vorstand Position Ansprechpartner Anschrift E-Mail Telefon 1. Vorsitz Reinhard Wagner Stadensen, Waldstra\u00dfe 6, 29559 Wrestedt wagner@sommerbad-stadensen.de \u00a0 2. Vorsitz Esther Suderburg \u00a0 \u00a0 \u00a0 Kassenwart J\u00fcrgen Licht M\u00fchlenstra\u00dfe 3, 29559 Wrestedt \u00a0 \u00a0 Schriftf\u00fchrung Kathrin Busse \u00a0 \u00a0\u2026","rel":"","context":"\u00c4hnlicher Beitrag","block_context":{"text":"\u00c4hnlicher Beitrag","link":""},"img":{"alt_text":"","src":"","width":0,"height":0},"classes":[]},{"id":11836,"url":"http:\/\/www.sommerbad-stadensen.de\/?page_id=11836","url_meta":{"origin":10841,"position":1},"title":"Daten und Fakten zur ISO","author":"Ingo Wolterstorff","date":"5. Januar 2016","format":false,"excerpt":"Daten und Fakten zur ISO Mitgliederstand 368 Wirkungskreis s\u00fcdl. Landkreis Uelzen Einzugsbereich Uelzen, Holdenstedt, Gemeinden Stadensen, Wrestedt, Suderburg, Gerdau Ziel des Vereins \u00dcbernahme und Weiterf\u00fchrung des Sommerbades in Stadensen Mitgliedschaft anderer Vereine DLRG Stadensen FFW Stadensen FFW Wrestedt SV Stadensen FFW Nienwolde FFW Nettelkamp VFL Suderburg Gesangsverein Heiderose Stadensen TSV\u2026","rel":"","context":"\u00c4hnlicher Beitrag","block_context":{"text":"\u00c4hnlicher Beitrag","link":""},"img":{"alt_text":"","src":"","width":0,"height":0},"classes":[]},{"id":11736,"url":"http:\/\/www.sommerbad-stadensen.de\/?page_id=11736","url_meta":{"origin":10841,"position":2},"title":"Bad","author":"Ingo Wolterstorff","date":"2. Januar 2016","format":false,"excerpt":"Im s\u00fcdlichen Landkreis Uelzen, etwa 4 km von der Bundesstra\u00dfe 4 entfernt, liegt das Sommerbad Stadensen. Mit seiner 750qm gro\u00dfen Wasserfl\u00e4che z\u00e4hlt es zwar nicht zu den gr\u00f6\u00dften B\u00e4dern, aber bestimmt zu den gem\u00fctlichsten. Von den vielen touristischen Ausflugszielen der Gegend wie z. B. Hardausee, Schleuse Esterholz, Seepark Bad Bodenteich\u2026","rel":"","context":"\u00c4hnlicher Beitrag","block_context":{"text":"\u00c4hnlicher Beitrag","link":""},"img":{"alt_text":"","src":"https:\/\/i0.wp.com\/www.sommerbad-stadensen.de\/wp\/wp-content\/uploads\/2016\/01\/kioskbereich_breit.jpg?resize=350%2C200","width":350,"height":200,"srcset":"https:\/\/i0.wp.com\/www.sommerbad-stadensen.de\/wp\/wp-content\/uploads\/2016\/01\/kioskbereich_breit.jpg?resize=350%2C200 1x, https:\/\/i0.wp.com\/www.sommerbad-stadensen.de\/wp\/wp-content\/uploads\/2016\/01\/kioskbereich_breit.jpg?resize=525%2C300 1.5x, https:\/\/i0.wp.com\/www.sommerbad-stadensen.de\/wp\/wp-content\/uploads\/2016\/01\/kioskbereich_breit.jpg?resize=700%2C400 2x"},"classes":[]},{"id":11838,"url":"http:\/\/www.sommerbad-stadensen.de\/?page_id=11838","url_meta":{"origin":10841,"position":3},"title":"Satzung der ISO","author":"Ingo Wolterstorff","date":"5. Januar 2016","format":false,"excerpt":"Der Verein f\u00fchrt den Namen \"Interessengemeinschaft Sommerbad Stadensen e.V. \" (im folgenden \"Verein\" genannt). Der Verein ist in das Vereinsregister einzutragen. Sitz des Vereins ist 29596 Stadensen Der Verein verfolgt ausschlie\u00dflich und unmittelbar gemeinn\u00fctzige Zwecke im Sinne des Abschnitts \"steuerbeg\u00fcnstigte Zwecke\" der Abgabenordnung. Zweck des Vereins ist: a) Erhaltung des\u2026","rel":"","context":"\u00c4hnlicher Beitrag","block_context":{"text":"\u00c4hnlicher Beitrag","link":""},"img":{"alt_text":"","src":"","width":0,"height":0},"classes":[]},{"id":11795,"url":"http:\/\/www.sommerbad-stadensen.de\/?page_id=11795","url_meta":{"origin":10841,"position":4},"title":"Beitritt zur ISO","author":"Ingo Wolterstorff","date":"4. Januar 2016","format":false,"excerpt":"Nutzen Sie die verlinkte Beitrittserkl\u00e4rung, um die Interessengemeinschaft Sommerbad Stadensen (ISO) zu unterst\u00fctzen:","rel":"","context":"\u00c4hnlicher Beitrag","block_context":{"text":"\u00c4hnlicher Beitrag","link":""},"img":{"alt_text":"","src":"","width":0,"height":0},"classes":[]},{"id":12938,"url":"http:\/\/www.sommerbad-stadensen.de\/?page_id=12938","url_meta":{"origin":10841,"position":5},"title":"Aquajogging 2017","author":"Ingo Wolterstorff","date":"14. April 2017","format":false,"excerpt":"Aquajogging 2017 * Hinweis:\u00a0Eintritt gilt nur f\u00fcr Personen,\u00a0die keine Saisonkarte des Sommerbades Stadensen\u00a0f\u00fcr das Jahr 2017 besitzen.","rel":"","context":"\u00c4hnlicher Beitrag","block_context":{"text":"\u00c4hnlicher Beitrag","link":""},"img":{"alt_text":"","src":"https:\/\/i0.wp.com\/www.sommerbad-stadensen.de\/wp\/wp-content\/uploads\/2017\/04\/kursangebote_2017_aquajogging.png?resize=350%2C200","width":350,"height":200,"srcset":"https:\/\/i0.wp.com\/www.sommerbad-stadensen.de\/wp\/wp-content\/uploads\/2017\/04\/kursangebote_2017_aquajogging.png?resize=350%2C200 1x, https:\/\/i0.wp.com\/www.sommerbad-stadensen.de\/wp\/wp-content\/uploads\/2017\/04\/kursangebote_2017_aquajogging.png?resize=525%2C300 1.5x, https:\/\/i0.wp.com\/www.sommerbad-stadensen.de\/wp\/wp-content\/uploads\/2017\/04\/kursangebote_2017_aquajogging.png?resize=700%2C400 2x"},"classes":[]}],"_links":{"self":[{"href":"http:\/\/www.sommerbad-stadensen.de\/index.php?rest_route=\/wp\/v2\/pages\/10841","targetHints":{"allow":["GET"]}}],"collection":[{"href":"http:\/\/www.sommerbad-stadensen.de\/index.php?rest_route=\/wp\/v2\/pages"}],"about":[{"href":"http:\/\/www.sommerbad-stadensen.de\/index.php?rest_route=\/wp\/v2\/types\/page"}],"author":[{"embeddable":true,"href":"http:\/\/www.sommerbad-stadensen.de\/index.php?rest_route=\/wp\/v2\/users\/1"}],"replies":[{"embeddable":true,"href":"http:\/\/www.sommerbad-stadensen.de\/index.php?rest_route=%2Fwp%2Fv2%2Fcomments&post=10841"}],"version-history":[{"count":15,"href":"http:\/\/www.sommerbad-stadensen.de\/index.php?rest_route=\/wp\/v2\/pages\/10841\/revisions"}],"predecessor-version":[{"id":13956,"href":"http:\/\/www.sommerbad-stadensen.de\/index.php?rest_route=\/wp\/v2\/pages\/10841\/revisions\/13956"}],"wp:attachment":[{"href":"http:\/\/www.sommerbad-stadensen.de\/index.php?rest_route=%2Fwp%2Fv2%2Fmedia&parent=10841"}],"curies":[{"name":"wp","href":"https:\/\/api.w.org\/{rel}","templated":true}]}}