{"id":10819,"date":"2015-12-30T12:06:22","date_gmt":"2015-12-30T11:06:22","guid":{"rendered":"http:\/\/www.sommerbad-stadensen.de\/wp\/?page_id=10819"},"modified":"2021-12-09T13:48:15","modified_gmt":"2021-12-09T12:48:15","slug":"2012_eroeffnung_dancekids","status":"publish","type":"page","link":"http:\/\/www.sommerbad-stadensen.de\/?page_id=10819","title":{"rendered":"Saison 2012 &#8211; Er\u00f6ffnung (Dance Kids)"},"content":{"rendered":"ngg_shortcode_0_placeholder\n","protected":false},"excerpt":{"rendered":"","protected":false},"author":1,"featured_media":0,"parent":10613,"menu_order":0,"comment_status":"closed","ping_status":"closed","template":"","meta":{"ngg_post_thumbnail":0,"jetpack_post_was_ever_published":false,"footnotes":""},"class_list":["post-10819","page","type-page","status-publish","hentry"],"jetpack_sharing_enabled":true,"jetpack_shortlink":"https:\/\/wp.me\/P7EHg6-2Ov","jetpack-related-posts":[{"id":10613,"url":"http:\/\/www.sommerbad-stadensen.de\/?page_id=10613","url_meta":{"origin":10819,"position":0},"title":"Bilder","author":"Ingo Wolterstorff","date":"27. Dezember 2015","format":false,"excerpt":"Auf dieser Seite sind die verschiedenen Bilder-Galerien verlinkt. 2003 | 2005 | 2006 | 2007 | 2008 | 2009 | 2010 | 2011 | 2012 | 2013\u00a0| 2014 | 2015 | 2016 \u00e4ltere \/ historische bilder \u00dcbersicht 2003 Saison\u00fcbergreifend 2005 Saison\u00fcbergreifend 2006 Staudenmarkt 2007 Saisonvorbereitung Saison\u00fcbergreifend 2008 div. Bauma\u00dfnahmen Er\u00f6ffnung\u2026","rel":"","context":"\u00c4hnlicher Beitrag","block_context":{"text":"\u00c4hnlicher Beitrag","link":""},"img":{"alt_text":"","src":"","width":0,"height":0},"classes":[]},{"id":10696,"url":"http:\/\/www.sommerbad-stadensen.de\/?page_id=10696","url_meta":{"origin":10819,"position":1},"title":"Saison 2009 &#8211; Er\u00f6ffnung (Dance-Kids)","author":"Ingo Wolterstorff","date":"28. Dezember 2015","format":false,"excerpt":"","rel":"","context":"\u00c4hnlicher Beitrag","block_context":{"text":"\u00c4hnlicher Beitrag","link":""},"img":{"alt_text":"","src":"","width":0,"height":0},"classes":[]},{"id":10820,"url":"http:\/\/www.sommerbad-stadensen.de\/?page_id=10820","url_meta":{"origin":10819,"position":2},"title":"Saison 2012 &#8211; Er\u00f6ffnung (Der Er\u00f6ffnungssprung)","author":"Ingo Wolterstorff","date":"30. Dezember 2015","format":false,"excerpt":"","rel":"","context":"\u00c4hnlicher Beitrag","block_context":{"text":"\u00c4hnlicher Beitrag","link":""},"img":{"alt_text":"","src":"","width":0,"height":0},"classes":[]},{"id":10821,"url":"http:\/\/www.sommerbad-stadensen.de\/?page_id=10821","url_meta":{"origin":10819,"position":3},"title":"Saison 2012 &#8211; Er\u00f6ffnung (Essen)","author":"Ingo Wolterstorff","date":"30. Dezember 2015","format":false,"excerpt":"","rel":"","context":"\u00c4hnlicher Beitrag","block_context":{"text":"\u00c4hnlicher Beitrag","link":""},"img":{"alt_text":"","src":"","width":0,"height":0},"classes":[]},{"id":10822,"url":"http:\/\/www.sommerbad-stadensen.de\/?page_id=10822","url_meta":{"origin":10819,"position":4},"title":"Saison 2012 &#8211; Er\u00f6ffnung (G\u00e4ste)","author":"Ingo Wolterstorff","date":"30. Dezember 2015","format":false,"excerpt":"","rel":"","context":"\u00c4hnlicher Beitrag","block_context":{"text":"\u00c4hnlicher Beitrag","link":""},"img":{"alt_text":"","src":"","width":0,"height":0},"classes":[]},{"id":10823,"url":"http:\/\/www.sommerbad-stadensen.de\/?page_id=10823","url_meta":{"origin":10819,"position":5},"title":"Saison 2012 &#8211; Er\u00f6ffnung (Gottesdienst)","author":"Ingo Wolterstorff","date":"30. Dezember 2015","format":false,"excerpt":"","rel":"","context":"\u00c4hnlicher Beitrag","block_context":{"text":"\u00c4hnlicher Beitrag","link":""},"img":{"alt_text":"","src":"","width":0,"height":0},"classes":[]}],"_links":{"self":[{"href":"http:\/\/www.sommerbad-stadensen.de\/index.php?rest_route=\/wp\/v2\/pages\/10819","targetHints":{"allow":["GET"]}}],"collection":[{"href":"http:\/\/www.sommerbad-stadensen.de\/index.php?rest_route=\/wp\/v2\/pages"}],"about":[{"href":"http:\/\/www.sommerbad-stadensen.de\/index.php?rest_route=\/wp\/v2\/types\/page"}],"author":[{"embeddable":true,"href":"http:\/\/www.sommerbad-stadensen.de\/index.php?rest_route=\/wp\/v2\/users\/1"}],"replies":[{"embeddable":true,"href":"http:\/\/www.sommerbad-stadensen.de\/index.php?rest_route=%2Fwp%2Fv2%2Fcomments&post=10819"}],"version-history":[{"count":1,"href":"http:\/\/www.sommerbad-stadensen.de\/index.php?rest_route=\/wp\/v2\/pages\/10819\/revisions"}],"predecessor-version":[{"id":10837,"href":"http:\/\/www.sommerbad-stadensen.de\/index.php?rest_route=\/wp\/v2\/pages\/10819\/revisions\/10837"}],"up":[{"embeddable":true,"href":"http:\/\/www.sommerbad-stadensen.de\/index.php?rest_route=\/wp\/v2\/pages\/10613"}],"wp:attachment":[{"href":"http:\/\/www.sommerbad-stadensen.de\/index.php?rest_route=%2Fwp%2Fv2%2Fmedia&parent=10819"}],"curies":[{"name":"wp","href":"https:\/\/api.w.org\/{rel}","templated":true}]}}