{"id":10746,"date":"2015-12-29T16:46:14","date_gmt":"2015-12-29T15:46:14","guid":{"rendered":"http:\/\/www.sommerbad-stadensen.de\/wp\/?page_id=10746"},"modified":"2021-12-09T13:48:00","modified_gmt":"2021-12-09T12:48:00","slug":"2010_riesenkicker","status":"publish","type":"page","link":"http:\/\/www.sommerbad-stadensen.de\/?page_id=10746","title":{"rendered":"Saison 2010 &#8211; Riesenkicker-Turnier"},"content":{"rendered":"ngg_shortcode_0_placeholder\n","protected":false},"excerpt":{"rendered":"","protected":false},"author":1,"featured_media":0,"parent":10613,"menu_order":0,"comment_status":"closed","ping_status":"closed","template":"","meta":{"ngg_post_thumbnail":0,"jetpack_post_was_ever_published":false,"footnotes":""},"class_list":["post-10746","page","type-page","status-publish","hentry"],"jetpack_sharing_enabled":true,"jetpack_shortlink":"https:\/\/wp.me\/P7EHg6-2Nk","jetpack-related-posts":[{"id":10613,"url":"http:\/\/www.sommerbad-stadensen.de\/?page_id=10613","url_meta":{"origin":10746,"position":0},"title":"Bilder","author":"Ingo Wolterstorff","date":"27. Dezember 2015","format":false,"excerpt":"Auf dieser Seite sind die verschiedenen Bilder-Galerien verlinkt. 2003 | 2005 | 2006 | 2007 | 2008 | 2009 | 2010 | 2011 | 2012 | 2013\u00a0| 2014 | 2015 | 2016 \u00e4ltere \/ historische bilder \u00dcbersicht 2003 Saison\u00fcbergreifend 2005 Saison\u00fcbergreifend 2006 Staudenmarkt 2007 Saisonvorbereitung Saison\u00fcbergreifend 2008 div. Bauma\u00dfnahmen Er\u00f6ffnung\u2026","rel":"","context":"\u00c4hnlicher Beitrag","block_context":{"text":"\u00c4hnlicher Beitrag","link":""},"img":{"alt_text":"","src":"","width":0,"height":0},"classes":[]},{"id":10744,"url":"http:\/\/www.sommerbad-stadensen.de\/?page_id=10744","url_meta":{"origin":10746,"position":1},"title":"Saison 2010 &#8211; Mensch-\u00e4rger-dich-nicht-Turnier","author":"Ingo Wolterstorff","date":"29. Dezember 2015","format":false,"excerpt":"","rel":"","context":"\u00c4hnlicher Beitrag","block_context":{"text":"\u00c4hnlicher Beitrag","link":""},"img":{"alt_text":"","src":"","width":0,"height":0},"classes":[]},{"id":10665,"url":"http:\/\/www.sommerbad-stadensen.de\/?page_id=10665","url_meta":{"origin":10746,"position":2},"title":"Saison 2008 &#8211; Riesenkicker-Turnier","author":"Ingo Wolterstorff","date":"28. Dezember 2015","format":false,"excerpt":"","rel":"","context":"\u00c4hnlicher Beitrag","block_context":{"text":"\u00c4hnlicher Beitrag","link":""},"img":{"alt_text":"","src":"","width":0,"height":0},"classes":[]},{"id":10709,"url":"http:\/\/www.sommerbad-stadensen.de\/?page_id=10709","url_meta":{"origin":10746,"position":3},"title":"Saison 2009 &#8211; Riesenkicker-Turnier","author":"Ingo Wolterstorff","date":"28. Dezember 2015","format":false,"excerpt":"","rel":"","context":"\u00c4hnlicher Beitrag","block_context":{"text":"\u00c4hnlicher Beitrag","link":""},"img":{"alt_text":"","src":"","width":0,"height":0},"classes":[]},{"id":10783,"url":"http:\/\/www.sommerbad-stadensen.de\/?page_id=10783","url_meta":{"origin":10746,"position":4},"title":"Saison 2011 &#8211; Riesenkicker-Turnier","author":"Ingo Wolterstorff","date":"30. Dezember 2015","format":false,"excerpt":"","rel":"","context":"\u00c4hnlicher Beitrag","block_context":{"text":"\u00c4hnlicher Beitrag","link":""},"img":{"alt_text":"","src":"","width":0,"height":0},"classes":[]},{"id":10816,"url":"http:\/\/www.sommerbad-stadensen.de\/?page_id=10816","url_meta":{"origin":10746,"position":5},"title":"Saison 2012 &#8211; Riesenkicker-Turnier","author":"Ingo Wolterstorff","date":"30. Dezember 2015","format":false,"excerpt":"","rel":"","context":"\u00c4hnlicher Beitrag","block_context":{"text":"\u00c4hnlicher Beitrag","link":""},"img":{"alt_text":"","src":"","width":0,"height":0},"classes":[]}],"_links":{"self":[{"href":"http:\/\/www.sommerbad-stadensen.de\/index.php?rest_route=\/wp\/v2\/pages\/10746","targetHints":{"allow":["GET"]}}],"collection":[{"href":"http:\/\/www.sommerbad-stadensen.de\/index.php?rest_route=\/wp\/v2\/pages"}],"about":[{"href":"http:\/\/www.sommerbad-stadensen.de\/index.php?rest_route=\/wp\/v2\/types\/page"}],"author":[{"embeddable":true,"href":"http:\/\/www.sommerbad-stadensen.de\/index.php?rest_route=\/wp\/v2\/users\/1"}],"replies":[{"embeddable":true,"href":"http:\/\/www.sommerbad-stadensen.de\/index.php?rest_route=%2Fwp%2Fv2%2Fcomments&post=10746"}],"version-history":[{"count":1,"href":"http:\/\/www.sommerbad-stadensen.de\/index.php?rest_route=\/wp\/v2\/pages\/10746\/revisions"}],"predecessor-version":[{"id":10763,"href":"http:\/\/www.sommerbad-stadensen.de\/index.php?rest_route=\/wp\/v2\/pages\/10746\/revisions\/10763"}],"up":[{"embeddable":true,"href":"http:\/\/www.sommerbad-stadensen.de\/index.php?rest_route=\/wp\/v2\/pages\/10613"}],"wp:attachment":[{"href":"http:\/\/www.sommerbad-stadensen.de\/index.php?rest_route=%2Fwp%2Fv2%2Fmedia&parent=10746"}],"curies":[{"name":"wp","href":"https:\/\/api.w.org\/{rel}","templated":true}]}}