{"id":10667,"date":"2015-12-28T16:27:52","date_gmt":"2015-12-28T15:27:52","guid":{"rendered":"http:\/\/www.sommerbad-stadensen.de\/cms\/wordpress\/?page_id=10667"},"modified":"2021-12-09T13:47:19","modified_gmt":"2021-12-09T12:47:19","slug":"2008_saisonabschluss","status":"publish","type":"page","link":"http:\/\/www.sommerbad-stadensen.de\/?page_id=10667","title":{"rendered":"Saison 2008 &#8211; Abschluss"},"content":{"rendered":"ngg_shortcode_0_placeholder\n","protected":false},"excerpt":{"rendered":"","protected":false},"author":1,"featured_media":0,"parent":10613,"menu_order":0,"comment_status":"closed","ping_status":"closed","template":"","meta":{"ngg_post_thumbnail":0,"jetpack_post_was_ever_published":false,"footnotes":""},"class_list":["post-10667","page","type-page","status-publish","hentry"],"jetpack_sharing_enabled":true,"jetpack_shortlink":"https:\/\/wp.me\/P7EHg6-2M3","jetpack-related-posts":[{"id":10613,"url":"http:\/\/www.sommerbad-stadensen.de\/?page_id=10613","url_meta":{"origin":10667,"position":0},"title":"Bilder","author":"Ingo Wolterstorff","date":"27. Dezember 2015","format":false,"excerpt":"Auf dieser Seite sind die verschiedenen Bilder-Galerien verlinkt. 2003 | 2005 | 2006 | 2007 | 2008 | 2009 | 2010 | 2011 | 2012 | 2013\u00a0| 2014 | 2015 | 2016 \u00e4ltere \/ historische bilder \u00dcbersicht 2003 Saison\u00fcbergreifend 2005 Saison\u00fcbergreifend 2006 Staudenmarkt 2007 Saisonvorbereitung Saison\u00fcbergreifend 2008 div. Bauma\u00dfnahmen Er\u00f6ffnung\u2026","rel":"","context":"\u00c4hnlicher Beitrag","block_context":{"text":"\u00c4hnlicher Beitrag","link":""},"img":{"alt_text":"","src":"","width":0,"height":0},"classes":[]},{"id":14167,"url":"http:\/\/www.sommerbad-stadensen.de\/?page_id=14167","url_meta":{"origin":10667,"position":1},"title":"Saisonabschluss","author":"Ingo Wolterstorff","date":"27. August 2024","format":false,"excerpt":"Saisonabschlu\u00df 2024 & Jubil\u00e4um in 2025 Die Sommersaison 2024 endet am 7. September um 18 Uhr. Im Anschluss findet das Dankesch\u00f6n-Essen statt f\u00fcr alle, die das Bad mit tatkr\u00e4ftiger Hilfe oder mit anderen Beitr\u00e4gen unterst\u00fctzen. \u00a0 2025 besteht die ISO 25 Jahre. Das wollen wir mit einem Jubil\u00e4umsfest zum Saisonstart\u2026","rel":"","context":"\u00c4hnlicher Beitrag","block_context":{"text":"\u00c4hnlicher Beitrag","link":""},"img":{"alt_text":"","src":"","width":0,"height":0},"classes":[]},{"id":10663,"url":"http:\/\/www.sommerbad-stadensen.de\/?page_id=10663","url_meta":{"origin":10667,"position":2},"title":"Saison 2008 &#8211; Helferessen","author":"Ingo Wolterstorff","date":"27. Dezember 2015","format":false,"excerpt":"","rel":"","context":"\u00c4hnlicher Beitrag","block_context":{"text":"\u00c4hnlicher Beitrag","link":""},"img":{"alt_text":"","src":"","width":0,"height":0},"classes":[]},{"id":10669,"url":"http:\/\/www.sommerbad-stadensen.de\/?page_id=10669","url_meta":{"origin":10667,"position":3},"title":"Saison 2008 &#8211; Er\u00f6ffnung","author":"Ingo Wolterstorff","date":"28. Dezember 2015","format":false,"excerpt":"","rel":"","context":"\u00c4hnlicher Beitrag","block_context":{"text":"\u00c4hnlicher Beitrag","link":""},"img":{"alt_text":"","src":"","width":0,"height":0},"classes":[]},{"id":10670,"url":"http:\/\/www.sommerbad-stadensen.de\/?page_id=10670","url_meta":{"origin":10667,"position":4},"title":"Saison 2008 &#8211; Schnuppertauchen","author":"Ingo Wolterstorff","date":"28. Dezember 2015","format":false,"excerpt":"","rel":"","context":"\u00c4hnlicher Beitrag","block_context":{"text":"\u00c4hnlicher Beitrag","link":""},"img":{"alt_text":"","src":"","width":0,"height":0},"classes":[]},{"id":10672,"url":"http:\/\/www.sommerbad-stadensen.de\/?page_id=10672","url_meta":{"origin":10667,"position":5},"title":"Saison 2008 &#8211; Weinabend","author":"Ingo Wolterstorff","date":"28. Dezember 2015","format":false,"excerpt":"","rel":"","context":"\u00c4hnlicher Beitrag","block_context":{"text":"\u00c4hnlicher Beitrag","link":""},"img":{"alt_text":"","src":"","width":0,"height":0},"classes":[]}],"_links":{"self":[{"href":"http:\/\/www.sommerbad-stadensen.de\/index.php?rest_route=\/wp\/v2\/pages\/10667","targetHints":{"allow":["GET"]}}],"collection":[{"href":"http:\/\/www.sommerbad-stadensen.de\/index.php?rest_route=\/wp\/v2\/pages"}],"about":[{"href":"http:\/\/www.sommerbad-stadensen.de\/index.php?rest_route=\/wp\/v2\/types\/page"}],"author":[{"embeddable":true,"href":"http:\/\/www.sommerbad-stadensen.de\/index.php?rest_route=\/wp\/v2\/users\/1"}],"replies":[{"embeddable":true,"href":"http:\/\/www.sommerbad-stadensen.de\/index.php?rest_route=%2Fwp%2Fv2%2Fcomments&post=10667"}],"version-history":[{"count":1,"href":"http:\/\/www.sommerbad-stadensen.de\/index.php?rest_route=\/wp\/v2\/pages\/10667\/revisions"}],"predecessor-version":[{"id":10679,"href":"http:\/\/www.sommerbad-stadensen.de\/index.php?rest_route=\/wp\/v2\/pages\/10667\/revisions\/10679"}],"up":[{"embeddable":true,"href":"http:\/\/www.sommerbad-stadensen.de\/index.php?rest_route=\/wp\/v2\/pages\/10613"}],"wp:attachment":[{"href":"http:\/\/www.sommerbad-stadensen.de\/index.php?rest_route=%2Fwp%2Fv2%2Fmedia&parent=10667"}],"curies":[{"name":"wp","href":"https:\/\/api.w.org\/{rel}","templated":true}]}}