{"id":10634,"date":"2015-12-27T21:55:10","date_gmt":"2015-12-27T20:55:10","guid":{"rendered":"http:\/\/www.sommerbad-stadensen.de\/cms\/wordpress\/?page_id=10634"},"modified":"2021-12-09T13:47:19","modified_gmt":"2021-12-09T12:47:19","slug":"2003_saison","status":"publish","type":"page","link":"http:\/\/www.sommerbad-stadensen.de\/?page_id=10634","title":{"rendered":"Saison 2003 &#8211; Saison\u00fcbergreifend"},"content":{"rendered":"ngg_shortcode_0_placeholder\n","protected":false},"excerpt":{"rendered":"","protected":false},"author":1,"featured_media":0,"parent":10613,"menu_order":0,"comment_status":"closed","ping_status":"closed","template":"","meta":{"ngg_post_thumbnail":0,"jetpack_post_was_ever_published":false,"footnotes":""},"class_list":["post-10634","page","type-page","status-publish","hentry"],"jetpack_sharing_enabled":true,"jetpack_shortlink":"https:\/\/wp.me\/P7EHg6-2Lw","jetpack-related-posts":[{"id":10613,"url":"http:\/\/www.sommerbad-stadensen.de\/?page_id=10613","url_meta":{"origin":10634,"position":0},"title":"Bilder","author":"Ingo Wolterstorff","date":"27. Dezember 2015","format":false,"excerpt":"Auf dieser Seite sind die verschiedenen Bilder-Galerien verlinkt. 2003 | 2005 | 2006 | 2007 | 2008 | 2009 | 2010 | 2011 | 2012 | 2013\u00a0| 2014 | 2015 | 2016 \u00e4ltere \/ historische bilder \u00dcbersicht 2003 Saison\u00fcbergreifend 2005 Saison\u00fcbergreifend 2006 Staudenmarkt 2007 Saisonvorbereitung Saison\u00fcbergreifend 2008 div. Bauma\u00dfnahmen Er\u00f6ffnung\u2026","rel":"","context":"\u00c4hnlicher Beitrag","block_context":{"text":"\u00c4hnlicher Beitrag","link":""},"img":{"alt_text":"","src":"","width":0,"height":0},"classes":[]},{"id":10849,"url":"http:\/\/www.sommerbad-stadensen.de\/?page_id=10849","url_meta":{"origin":10634,"position":1},"title":"Kontakt","author":"Ingo Wolterstorff","date":"30. Dezember 2015","format":false,"excerpt":"Treten Sie telefonisch mit uns in Kontakt (w\u00e4hrend der Saison): Fachkraft: 05802 \/ 970614 Kasse: 05802 \/ 987258 Kiosk: 05802 \/ 987246 Oder nutzen sie unser Kontakt-Formular:","rel":"","context":"\u00c4hnlicher Beitrag","block_context":{"text":"\u00c4hnlicher Beitrag","link":""},"img":{"alt_text":"","src":"","width":0,"height":0},"classes":[]},{"id":10654,"url":"http:\/\/www.sommerbad-stadensen.de\/?page_id=10654","url_meta":{"origin":10634,"position":2},"title":"Saison 2007 &#8211; Saison\u00fcbergreifend","author":"Ingo Wolterstorff","date":"27. Dezember 2015","format":false,"excerpt":"","rel":"","context":"\u00c4hnlicher Beitrag","block_context":{"text":"\u00c4hnlicher Beitrag","link":""},"img":{"alt_text":"","src":"","width":0,"height":0},"classes":[]},{"id":11826,"url":"http:\/\/www.sommerbad-stadensen.de\/?page_id=11826","url_meta":{"origin":10634,"position":3},"title":"Ansprechpartner der ISO","author":"Ingo Wolterstorff","date":"5. Januar 2016","format":false,"excerpt":"Spendenkonto: ISO Stadensen, Sparkasse Uelzen: IBAN\u00a0 DE42 2585 0110 0012 0027 70 Vorstand Position Ansprechpartner Anschrift E-Mail Telefon 1. Vorsitz Reinhard Wagner Stadensen, Waldstra\u00dfe 6, 29559 Wrestedt wagner@sommerbad-stadensen.de \u00a0 2. Vorsitz Esther Suderburg \u00a0 \u00a0 \u00a0 Kassenwart J\u00fcrgen Licht M\u00fchlenstra\u00dfe 3, 29559 Wrestedt \u00a0 \u00a0 Schriftf\u00fchrung Kathrin Busse \u00a0 \u00a0\u2026","rel":"","context":"\u00c4hnlicher Beitrag","block_context":{"text":"\u00c4hnlicher Beitrag","link":""},"img":{"alt_text":"","src":"","width":0,"height":0},"classes":[]},{"id":10646,"url":"http:\/\/www.sommerbad-stadensen.de\/?page_id=10646","url_meta":{"origin":10634,"position":4},"title":"Saison 2007 &#8211; Saisonvorbereitung","author":"Ingo Wolterstorff","date":"27. Dezember 2015","format":false,"excerpt":"","rel":"","context":"\u00c4hnlicher Beitrag","block_context":{"text":"\u00c4hnlicher Beitrag","link":""},"img":{"alt_text":"","src":"","width":0,"height":0},"classes":[]},{"id":14167,"url":"http:\/\/www.sommerbad-stadensen.de\/?page_id=14167","url_meta":{"origin":10634,"position":5},"title":"Saisonabschluss","author":"Ingo Wolterstorff","date":"27. August 2024","format":false,"excerpt":"Saisonabschlu\u00df 2024 & Jubil\u00e4um in 2025 Die Sommersaison 2024 endet am 7. September um 18 Uhr. Im Anschluss findet das Dankesch\u00f6n-Essen statt f\u00fcr alle, die das Bad mit tatkr\u00e4ftiger Hilfe oder mit anderen Beitr\u00e4gen unterst\u00fctzen. \u00a0 2025 besteht die ISO 25 Jahre. Das wollen wir mit einem Jubil\u00e4umsfest zum Saisonstart\u2026","rel":"","context":"\u00c4hnlicher Beitrag","block_context":{"text":"\u00c4hnlicher Beitrag","link":""},"img":{"alt_text":"","src":"","width":0,"height":0},"classes":[]}],"_links":{"self":[{"href":"http:\/\/www.sommerbad-stadensen.de\/index.php?rest_route=\/wp\/v2\/pages\/10634","targetHints":{"allow":["GET"]}}],"collection":[{"href":"http:\/\/www.sommerbad-stadensen.de\/index.php?rest_route=\/wp\/v2\/pages"}],"about":[{"href":"http:\/\/www.sommerbad-stadensen.de\/index.php?rest_route=\/wp\/v2\/types\/page"}],"author":[{"embeddable":true,"href":"http:\/\/www.sommerbad-stadensen.de\/index.php?rest_route=\/wp\/v2\/users\/1"}],"replies":[{"embeddable":true,"href":"http:\/\/www.sommerbad-stadensen.de\/index.php?rest_route=%2Fwp%2Fv2%2Fcomments&post=10634"}],"version-history":[{"count":4,"href":"http:\/\/www.sommerbad-stadensen.de\/index.php?rest_route=\/wp\/v2\/pages\/10634\/revisions"}],"predecessor-version":[{"id":10656,"href":"http:\/\/www.sommerbad-stadensen.de\/index.php?rest_route=\/wp\/v2\/pages\/10634\/revisions\/10656"}],"up":[{"embeddable":true,"href":"http:\/\/www.sommerbad-stadensen.de\/index.php?rest_route=\/wp\/v2\/pages\/10613"}],"wp:attachment":[{"href":"http:\/\/www.sommerbad-stadensen.de\/index.php?rest_route=%2Fwp%2Fv2%2Fmedia&parent=10634"}],"curies":[{"name":"wp","href":"https:\/\/api.w.org\/{rel}","templated":true}]}}